{"id":17,"date":"2022-04-06T21:51:24","date_gmt":"2022-04-06T13:51:24","guid":{"rendered":"http:\/\/www.estrellaramos.com\/?page_id=17"},"modified":"2022-04-26T21:43:27","modified_gmt":"2022-04-26T13:43:27","slug":"servicio","status":"publish","type":"page","link":"https:\/\/www.estrellaramos.com\/index.php\/servicio\/","title":{"rendered":"SERVICIO"},"content":{"rendered":"<p style=\"text-align: center;\"><em>Para apoyar las necesidades de diferentes personas en el negocio de importaci\u00f3n de China, ofrecemos 4 planes para satisfacer todas sus necesidades.<\/em><\/p>\n<p style=\"text-align: center;\"><em>Primero puede comenzar con los Servicios gratuitos para comenzar a comprar productos, luego elegir el Plan Pro con el que lo ayudamos a manejar todo, desde la fabricaci\u00f3n hasta el env\u00edo. Si tiene sus proveedores pero nos necesita para la inspecci\u00f3n de calidad y el env\u00edo, elija el Plan B\u00e1sico.<\/em><\/p>\n<hr>\n<p style=\"text-align: center;\"><strong>Haga clic en el bot\u00f3n a continuaci\u00f3n para visitar el sitio web de mi empresa para ver la introducci\u00f3n del servicio de botones<\/strong><\/p>\n\n\n<div class=\"wp-block-buttons is-content-justification-center is-layout-flex wp-container-core-buttons-is-layout-a89b3969 wp-block-buttons-is-layout-flex\">\n<div class=\"wp-block-button\"><a class=\"wp-block-button__link\" href=\"http:\/\/www.wandaitrade.com\/index.php?cate--cid-19.html\" target=\"_blank\" rel=\"noreferrer noopener\"><i class=\"fa fa-share\" aria-hidden=\"true\"><\/i>   Consulte la p\u00e1gina de introducci\u00f3n del servicio<\/a><\/div>\n<\/div>\n\n\n\n<div style=\"height:100px\" aria-hidden=\"true\" class=\"wp-block-spacer\"><\/div>\n","protected":false},"excerpt":{"rendered":"<p>Para apoyar las necesidades de diferentes personas en el negocio de importaci\u00f3n de China, ofrecemos 4 planes para satisfacer todas sus necesidades. Primero puede comenzar con los Servicios gratuitos para comenzar a comprar productos, luego elegir el Plan Pro con el que lo ayudamos a manejar todo, desde la fabricaci\u00f3n hasta el env\u00edo. Si tiene &hellip;<\/p>\n<p class=\"read-more\"> <a class=\"\" href=\"https:\/\/www.estrellaramos.com\/index.php\/servicio\/\"> <span class=\"screen-reader-text\">SERVICIO<\/span> Leer m\u00e1s &raquo;<\/a><\/p>\n","protected":false},"author":1,"featured_media":0,"parent":0,"menu_order":0,"comment_status":"closed","ping_status":"closed","template":"","meta":{"site-sidebar-layout":"default","site-content-layout":"default","ast-site-content-layout":"","site-content-style":"default","site-sidebar-style":"default","ast-global-header-display":"","ast-banner-title-visibility":"","ast-main-header-display":"","ast-hfb-above-header-display":"","ast-hfb-below-header-display":"","ast-hfb-mobile-header-display":"","site-post-title":"","ast-breadcrumbs-content":"","ast-featured-img":"","footer-sml-layout":"","theme-transparent-header-meta":"default","adv-header-id-meta":"","stick-header-meta":"","header-above-stick-meta":"","header-main-stick-meta":"","header-below-stick-meta":"","astra-migrate-meta-layouts":"","ast-page-background-enabled":"default","ast-page-background-meta":{"desktop":{"background-color":"var(--ast-global-color-4)","background-image":"","background-repeat":"repeat","background-position":"center center","background-size":"auto","background-attachment":"scroll","background-type":"","background-media":"","overlay-type":"","overlay-color":"","overlay-gradient":""},"tablet":{"background-color":"","background-image":"","background-repeat":"repeat","background-position":"center center","background-size":"auto","background-attachment":"scroll","background-type":"","background-media":"","overlay-type":"","overlay-color":"","overlay-gradient":""},"mobile":{"background-color":"","background-image":"","background-repeat":"repeat","background-position":"center center","background-size":"auto","background-attachment":"scroll","background-type":"","background-media":"","overlay-type":"","overlay-color":"","overlay-gradient":""}},"ast-content-background-meta":{"desktop":{"background-color":"var(--ast-global-color-5)","background-image":"","background-repeat":"repeat","background-position":"center center","background-size":"auto","background-attachment":"scroll","background-type":"","background-media":"","overlay-type":"","overlay-color":"","overlay-gradient":""},"tablet":{"background-color":"var(--ast-global-color-5)","background-image":"","background-repeat":"repeat","background-position":"center center","background-size":"auto","background-attachment":"scroll","background-type":"","background-media":"","overlay-type":"","overlay-color":"","overlay-gradient":""},"mobile":{"background-color":"var(--ast-global-color-5)","background-image":"","background-repeat":"repeat","background-position":"center center","background-size":"auto","background-attachment":"scroll","background-type":"","background-media":"","overlay-type":"","overlay-color":"","overlay-gradient":""}},"footnotes":""},"class_list":["post-17","page","type-page","status-publish","hentry"],"_links":{"self":[{"href":"https:\/\/www.estrellaramos.com\/index.php\/wp-json\/wp\/v2\/pages\/17","targetHints":{"allow":["GET"]}}],"collection":[{"href":"https:\/\/www.estrellaramos.com\/index.php\/wp-json\/wp\/v2\/pages"}],"about":[{"href":"https:\/\/www.estrellaramos.com\/index.php\/wp-json\/wp\/v2\/types\/page"}],"author":[{"embeddable":true,"href":"https:\/\/www.estrellaramos.com\/index.php\/wp-json\/wp\/v2\/users\/1"}],"replies":[{"embeddable":true,"href":"https:\/\/www.estrellaramos.com\/index.php\/wp-json\/wp\/v2\/comments?post=17"}],"version-history":[{"count":14,"href":"https:\/\/www.estrellaramos.com\/index.php\/wp-json\/wp\/v2\/pages\/17\/revisions"}],"predecessor-version":[{"id":559,"href":"https:\/\/www.estrellaramos.com\/index.php\/wp-json\/wp\/v2\/pages\/17\/revisions\/559"}],"wp:attachment":[{"href":"https:\/\/www.estrellaramos.com\/index.php\/wp-json\/wp\/v2\/media?parent=17"}],"curies":[{"name":"wp","href":"https:\/\/api.w.org\/{rel}","templated":true}]}}